{"id":921,"date":"2022-02-03T07:12:07","date_gmt":"2022-02-03T06:12:07","guid":{"rendered":"https:\/\/dabars.de\/blog\/?page_id=921"},"modified":"2025-02-08T02:28:00","modified_gmt":"2025-02-08T01:28:00","slug":"willkommen","status":"publish","type":"page","link":"https:\/\/dabars.de\/blog\/","title":{"rendered":"Willkommen!"},"content":{"rendered":"\n<h2 class=\"wp-block-heading\" id=\"willkommen-im-dabarsblog\">Willkommen im DabarsBLOG!<\/h2>\n\n\n\n<hr class=\"wp-block-separator has-css-opacity\" style=\"margin-top:15px;margin-bottom:15px\"\/>\n\n\n\n<h2 class=\"wp-block-heading\" id=\"podcast\">Podcast<\/h2>\n\n\n\n<p>Hier im Blog ist das Herzst\u00fcck der Podcast. Er ist zudem auf ein paar gro\u00dfen Podcast-Plattformen zu finden. Sie finden alle bisher erschienenen Folgen aber nat\u00fcrlich auch direkt <a href=\"https:\/\/dabars.de\/blog\/interview-podcast\/\" data-type=\"page\" data-id=\"244\">hier<\/a>.<\/p>\n\n\n\n<hr class=\"wp-block-separator has-alpha-channel-opacity\" style=\"margin-top:15px;margin-bottom:15px\"\/>\n\n\n\n<h2 class=\"wp-block-heading\">Dabars TV &#8211; Interviews als Video<\/h2>\n\n\n\n<p>Einige der Gespr\u00e4che gibt es auch als Video! W\u00e4hrend sich viele auf Youtube finden, gibt es einige \u00e4ltere Gespr\u00e4che direkt hier im Blog als Video in der Kategorie &#8222;Interview&#8220;.<\/p>\n\n\n\n<hr class=\"wp-block-separator has-alpha-channel-opacity\" style=\"margin-top:15px;margin-bottom:15px\"\/>\n\n\n\n<h2 class=\"wp-block-heading\" id=\"wahlen\">Wahlen<\/h2>\n\n\n\n<p>DabarsBLOG und Dabars TV berichten gelegentlich zu Wahlen. Zum Thema Wahlen finden Sie <a href=\"http:\/\/dabars.de\/wahl\" data-type=\"URL\" data-id=\"dabars.de\/wahl\">hier<\/a> Infos. <a href=\"https:\/\/dabars.de\/blog\/category\/wahlen\/\" data-type=\"category\" data-id=\"163\">Hier<\/a> finden Sie zudem Blogbeitr\u00e4ge rund um Wahlen. Auf Dabars TV auf Youtube gibt es zudem ein paar Videos zum Thema Wahlen.<\/p>\n","protected":false},"excerpt":{"rendered":"<p>Willkommen im DabarsBLOG! Podcast Hier im Blog ist das Herzst\u00fcck der Podcast. Er ist zudem auf ein paar gro\u00dfen Podcast-Plattformen zu finden. Sie finden alle bisher erschienenen Folgen aber nat\u00fcrlich auch direkt hier. Dabars TV &#8211; Interviews als Video Einige der Gespr\u00e4che gibt es auch als Video! W\u00e4hrend sich viele auf Youtube finden, gibt es [&hellip;]<\/p>\n","protected":false},"author":2,"featured_media":0,"parent":0,"menu_order":0,"comment_status":"closed","ping_status":"closed","template":"","meta":{"footnotes":""},"class_list":["post-921","page","type-page","status-publish","hentry"],"_links":{"self":[{"href":"https:\/\/dabars.de\/blog\/wp-json\/wp\/v2\/pages\/921","targetHints":{"allow":["GET"]}}],"collection":[{"href":"https:\/\/dabars.de\/blog\/wp-json\/wp\/v2\/pages"}],"about":[{"href":"https:\/\/dabars.de\/blog\/wp-json\/wp\/v2\/types\/page"}],"author":[{"embeddable":true,"href":"https:\/\/dabars.de\/blog\/wp-json\/wp\/v2\/users\/2"}],"replies":[{"embeddable":true,"href":"https:\/\/dabars.de\/blog\/wp-json\/wp\/v2\/comments?post=921"}],"version-history":[{"count":17,"href":"https:\/\/dabars.de\/blog\/wp-json\/wp\/v2\/pages\/921\/revisions"}],"predecessor-version":[{"id":1186,"href":"https:\/\/dabars.de\/blog\/wp-json\/wp\/v2\/pages\/921\/revisions\/1186"}],"wp:attachment":[{"href":"https:\/\/dabars.de\/blog\/wp-json\/wp\/v2\/media?parent=921"}],"curies":[{"name":"wp","href":"https:\/\/api.w.org\/{rel}","templated":true}]}}